{"id":12350,"date":"2017-04-26T15:07:13","date_gmt":"2017-04-26T15:07:13","guid":{"rendered":"https:\/\/nex.vamtam.com\/?page_id=12350"},"modified":"2024-09-06T16:07:47","modified_gmt":"2024-09-06T14:07:47","slug":"responsabilita-ambientale","status":"publish","type":"page","link":"https:\/\/finoliva.com\/index.php\/responsabilita-ambientale\/","title":{"rendered":"Responsabilit\u00e0 Ambientale"},"content":{"rendered":"<div class=\"vgblk-rw-wrapper limit-wrapper\">\n<h2>\n\tL&#8217;olivo e l&#8217;olivicoltura<br \/><strong>strumenti preziosi nella lotta ai cambiamenti climatici<\/strong>\n\t<\/h2>\n\t<p>Tutti gli studi pubblicati concordano nel sostenere che <strong>&#8220;l&#8217;oliveto sia in grado di sequestrare e stoccare pi\u00f9 CO2 di quanto ne sia prodotta per la sua coltivazione&#8221;<\/strong> inoltre <strong>&#8220;\u00e8 in grado di elevare i livelli di carbonio nel terreno&#8221;.<\/strong><\/p>\n<p><strong>Un patrimonio ambientale che va salvaguardato, una foresta di oltre 100.000.000 di ALBERI.<\/strong><\/p>\n<p>Ad oggi, sono circa 715 le cultivar peculiari del nostro territorio. Di queste, circa 300 sono effettivamente in produzione ma le nostre cultivar rappresentano comunque il 42% del patrimonio mondiale. Nella sola Puglia ci sono 60 milioni di piante, praticamente una pianta per ogni cittadino italiano!<\/p>\n<p><strong>L&#8217;ulivo e l&#8217;intera filiera olivicola diventa strategica per:<\/strong><\/p>\n<ul>\n<li>Il suo impatto ambientale;<\/li>\n<li>Per la funzione produttiva ed economica di intere aree del nostro paese;<\/li>\n<li>Per una identit\u00e0 Territoriale fatta biodiversit\u00e0 e storia Mediterranea.<\/li>\n<\/ul>\n<p>Il Nostro lavoro diventa fondamentale a difesa e salvaguardia di un mondo produttivo che va salvaguardato attraverso una ricerca di continui Miglioramenti produttivi e la rappresentazione del valore intrinseco del prodotto.<\/p>\n<p><strong>Un prodotto sano, per la sana alimentazione che fa bene al pianeta.<\/strong><\/p>\n<p>&nbsp;<\/p>\n<blockquote><p><em>&#8220;Stiamo calcolando la nostra IMPRONTA AMBIENTALE che sar\u00e0 disponibile entro il 2024&#8221;<\/em><\/p><\/blockquote>\n<h3>\n\tCertificazioni ambientali sostenibili\n\t<\/h3>\n\t<p><strong>POLITICA AMBIENTALE<\/strong><\/p>\n<p><strong>FINOLIVA GLOBAL SERVICE S.P.A. Societ\u00e0 Benefit<\/strong>, ha deciso, in funzione della costante politica ambientale dell&#8217;Azienda, volta ad ottenere la completa eco-compatibilit\u00e0 della propria produzione, di adottare la tutela ambientale come strumento che pu\u00f2 permettere sia il miglioramento ambientale del proprio contesto operativo, sia l&#8217;ottimizzazione della gestione delle risorse naturali impegnate o coinvolte, con l&#8217;obiettivo di garantire la conformit\u00e0 alla normativa vigente sui temi della sicurezza e dell&#8217;ambiente, e diventare punto di riferimento per l&#8217;intera filiera produttiva.<\/p>\n<p>Per il raggiungimento dei suddetti obiettivi, <strong>&#8220;la Direzione ha individuato nell&#8217;attuazione di un sistema di gestione ambientale conforme alla norma UNI EN ISO 14001 lo strumento previlegiato di attuazione della strategia suddetta, dei principi di prevenzione dell&#8217;inquinamento e miglioramento delle performance ambientali con particolare riguardo alle politiche di miglioramento dell&#8217;efficienza energetica e rispetto dei requisiti legislativi&#8221;.<\/strong><\/p>\n<p>&nbsp;<\/p>\n<p><strong>CERTIFICAZIONE DI SOSTENIBILITA&#8217;<\/strong><\/p>\n<p>Lo standard<strong> &#8220;OLIO EVO EXTRAVERGINE DI OLIVA (EVO) SOSTENIBILE&#8221;<\/strong> \u00e8 il risultato dello sviluppo di un processo con diversi stakeholder che ha coinvolto aziende e rappresentanti del mondo agricolo e del mondo dell&#8217;industria.<\/p>\n<p><em>&#8220;L&#8217;esigenza di questo standard nasce dalla volont\u00e0 di produrre olio EVO al meglio delle pratiche conosciute per garantire un prodotto sostenibile nell&#8217;accezione pi\u00f9 ampia del termine.&#8221;<\/em><\/p>\n<p>Il valore aggiunto di questo standard consiste nell&#8217;approccio alla sostenibilit\u00e0 secondo la definizione che ne viene data con il Trattato di Amsterdam del 1997. Infatti con il Vertice di Copenaghen e il Trattato di Amsterdam del 1997 l&#8217;Unione Europea sancisce istituzionalmente i tre pilastri della sostenibilit\u00e0 nel cosiddetto <strong>&#8220;modello dei tre pilastri della sostenibilit\u00e0&#8221;<\/strong>:<\/p>\n<ul>\n<li>Economico: capacit\u00e0 di generare reddito e lavoro;<\/li>\n<li>Ambientale: capacit\u00e0 di mantenere qualit\u00e0 e riproducibilit\u00e0 delle risorse naturali;<\/li>\n<li>Sociale: capacit\u00e0 di garantire condizioni di benessere umano (i diritti umani, le pratiche di lavoro, le pratiche operative leali, tutela dei consumatori, coinvolgimento e lo sviluppo della comunit\u00e0).<\/li>\n<\/ul>\n\t\t\t\t<a href=\"https:\/\/www.csqa.it\/it-it\/certificazioni\/sostenibilita\/iso-14001\" target=\"_self\" itemprop=\"url\" title=\"dnv-gl\" rel=\"noopener\">\n\t\t\t\t\t\t\t<img loading=\"lazy\" decoding=\"async\" width=\"238\" height=\"236\" src=\"http:\/\/finoliva.com\/wp-content\/uploads\/2024\/08\/dnv-gl.png\" alt=\"dnv-gl\" itemprop=\"image\" data-link-type=\"url\" title=\"dnv-gl\" onerror=\"this.style.display='none'\"  sizes=\"auto, (max-width: 768px) 100vw, 100vw\" srcset=\"https:\/\/finoliva.com\/wp-content\/uploads\/2024\/08\/dnv-gl.png 238w, https:\/\/finoliva.com\/wp-content\/uploads\/2024\/08\/dnv-gl-100x100.png 100w, https:\/\/finoliva.com\/wp-content\/uploads\/2024\/08\/dnv-gl-150x150.png 150w\" \/>\t\t\t\t\t\t<\/a>\n<h3>\n\tEnergia da fonti rinnovabili\n\t<\/h3>\n\t<p><em>&#8220;Tutto \u00e8 Energia e questo \u00e8 tutto quello che esiste&#8221;. <\/em>Albert Einstein<\/p>\n<p>Dal 2011 abbiamo realizzato un impianto ad energia solare che alimenta tutta la fase di confezionamento dei nostri impianti. L&#8217;energia, eventualmente, acquistata per l&#8217;intero periodo di fornitura, \u00e8 per il 100% Energia VERDE prodotta anch&#8217;essa da fonti rinnovabili attraverso il sistema di certificazione GSE denominato GO (Garanzia d&#8217;origine)<\/p>\n<h2>\n\tProgetti di <br \/><strong>sostenibilit\u00e0<\/strong>\n\t<\/h2>\n\t\t\tIL NOBILE &#8211; CARAPELLI S.p.A. &#8211; 100% ITALIANO\n\t\t<p>Gi\u00e0 dal 2019 in collaborazione con la CARAPELLI S.p.A. \u00e8 partito un progetto, divenuto presto realt\u00e0 operativa, per Certificare un&#8217;intera Filiera produttiva con gli Standard di Sostenibilit\u00e0 certificata dall&#8217;Ente Terzo INTERTEK.Sono stati coinvolti e certificati:<ul><li>700 Aziende Agricole<\/li><li>2 Cooperative Agricole di prima trasformazione<\/li><li>Stabilimento ed Assicurazione Qualit\u00e0 FINOLIVA<\/li><\/ul>\u00a0<\/p>\n\t\t\tIL SOSTENIBILE &#8211; ZUCCHI S.p.A.\n\t\t<p>In collaborazione con l&#8217;azienda <a href=\"https:\/\/www.zucchi.com\/\" target=\"_blank\" rel=\"noreferrer noopener\">ZUCCHI S.p.A.<\/a> \u00e8 partito un processo di certificazione di una specifica filiera produttiva secondo gli Standard di sostenibilit\u00e0 dell&#8217;ENTE TERZO CSQA.Sono stati coinvolti e certificati:<\/p><ul><li>20 Aziende Agricole<\/li><li>1 Cooperativa Agricola di Prima Trasformazione<\/li><li>Stabilimento ad Assicurazione qualit\u00e0 FINOLIVA<\/li><\/ul>\n\t\t\tBIO-DISTRETTO\n\t\t<p><img loading=\"lazy\" decoding=\"async\" src=\"http:\/\/finoliva.com\/wp-content\/uploads\/2024\/08\/cropped-Bio_marchio_sito-300x300.png\" alt=\"\" width=\"300\" height=\"300\" \/>Oggi la presidenza del BIO-DISTRETTO DELLE LAME coincide con la presidenza di FINOLIVA GLOBAL SERVICE S.p.A. Societ\u00e0 Benefit operante nei Comuni di Ruvo di Puglia e Bitonto (Puglia &#8211; Provincia di Bari). Le lame costituiscono un elemento geologico, paesaggistico ed ecologico caratterizzante di questi territori. Esse, sono anche in grado di generare biodiversit\u00e0 e agrobiodiversit\u00e0. Il Bio-Distretto \u00e8, pertanto, inteso come un territorio vocato all&#8217;agricoltura biologica che mette in sinergia l&#8217;agricoltura, il paesaggio, l&#8217;ambiente e le comunit\u00e0 cittadine con l&#8217;obiettivo di sostenere, valorizzare e sviluppare in maniera integrata tali risorse.Il Distretto Biologico delle Lame Riconosciuto dalla Regione Puglia con provvedimento DGR 556 del 21.04.2020 ai sensi della legge Regionale 23\/2007, Confermato con Riconoscimento Definitivo dalla REGIONE PUGLIA &#8211; Dipartimento Sviluppo Economico DGR 732 del 3 Maggio 2021<blockquote><strong>Territorio<\/strong>: 46.000 ettari<br \/><strong>Biologico<\/strong>: 3.800 ettari<br \/><strong>Colture<\/strong>: Olivo, Vite, Creali, Altre colture<\/blockquote><\/p>\n\t\t\tPROGETTO ALCE NERO\n\t\t<p><strong>Soci &amp; Partner di Alce Nero S.p.A. per la valorizzazione delle Produzioni Biologiche<\/strong><em>&#8220;Il nostro Olio da filiera certificata e la prima Sperimentazione Blockchain&#8221;<\/em>Oggi, grazie a questa sinergia, siamo un punto di riferimento nazionale nella produzione ed il confezionamento di OLIO EXTRAVERGINE DI OLIVA DA AGRICOLTURA BIOLOGICA 100% ITALIANO.Il nostro progetto &#8220;PILOTA&#8221; va oltre il concetto di Biologico: vogliamo un BIOLOGICO che racconti un TERRITORIO e la vocazione di comunit\u00e0 a produrre e vivere la propria realt\u00e0 territoriale in modo &#8220;SOSTENIBILE&#8221;Case History: LA FILIERA DELL&#8217;OLIO<br \/>(i Social, i Biodistretti, la Block Chain e i 16Bio).Siamo impegnati nei prossimi anni a favorire ed accompagnare i territori della Capitanata e Crotonese alla costituzione di BIO-DISTRETTI che riteniamo centrali per uno sviluppo sostenibile dei i nostri Territori.<\/p>\n\t\t\tMEDITERRE.BIO\n\t\t<p><em>&#8220;\u00c8 l&#8217;accordo tra gli agricoltori che scelgono come Modello di Impresa<\/em><br \/><em>quello dell&#8217;Agricoltura Biologica e del rispetto del nostro Territorio&#8221;<\/em>Mediterre.bio ha l&#8217;obbiettivo di consolidare le filiere agricole principalmente relative alla olivicoltura e alla produzione di frumento duro rendendole produttive ed efficienti, pianificare semine, sviluppare sistemi di qualit\u00e0 e di controllo aziendale per ottenere delle produzioni che rispettino il vero BIO e che siano sane per il consumatore finale<strong><em>Mediterre.bio<\/em><\/strong> \u00e8 costituita da 17 realt\u00e0 socie importanti sul piano nazionale, che insieme a noi hanno intrapreso questo percorso.Tra questi: Fondazione Siniscalco Ceci Emmaus, Molino De Vita, Alce Nero, Libera<br \/>terra Mediterranea, Az. Agricola Desiante Maria, Az. Agricola Denora<br \/>Filippo, Az. Agricola Pace Salvatore, Az. Agricola Berardi, Coop Daunia &amp;<br \/>Bio, Coop Lavorazione Prodotti Agricoli, OP Oliveti terra di Bari.<blockquote>Le due cooperative forniscono un ampio bacino di produttori agricoli<br \/>costituito da circa 80 aziende agricole.<\/blockquote><\/p>\n\n<\/div><!-- .vgblk-rw-wrapper -->","protected":false},"excerpt":{"rendered":"<p>L&#8217;olivo e l&#8217;olivicolturastrumenti preziosi nella lotta ai cambiamenti climatici Tutti gli studi pubblicati concordano nel sostenere che &#8220;l&#8217;oliveto sia in grado di sequestrare e stoccare pi\u00f9 CO2 di quanto ne sia prodotta per la sua coltivazione&#8221; inoltre &#8220;\u00e8 in grado di elevare i livelli di carbonio nel terreno&#8221;. Un patrimonio ambientale che va salvaguardato, una&#8230;<\/p>\n","protected":false},"author":1,"featured_media":0,"parent":0,"menu_order":0,"comment_status":"closed","ping_status":"closed","template":"","meta":{"footnotes":""},"class_list":["post-12350","page","type-page","status-publish","hentry"],"_links":{"self":[{"href":"https:\/\/finoliva.com\/index.php\/wp-json\/wp\/v2\/pages\/12350","targetHints":{"allow":["GET"]}}],"collection":[{"href":"https:\/\/finoliva.com\/index.php\/wp-json\/wp\/v2\/pages"}],"about":[{"href":"https:\/\/finoliva.com\/index.php\/wp-json\/wp\/v2\/types\/page"}],"author":[{"embeddable":true,"href":"https:\/\/finoliva.com\/index.php\/wp-json\/wp\/v2\/users\/1"}],"replies":[{"embeddable":true,"href":"https:\/\/finoliva.com\/index.php\/wp-json\/wp\/v2\/comments?post=12350"}],"version-history":[{"count":11,"href":"https:\/\/finoliva.com\/index.php\/wp-json\/wp\/v2\/pages\/12350\/revisions"}],"predecessor-version":[{"id":988455,"href":"https:\/\/finoliva.com\/index.php\/wp-json\/wp\/v2\/pages\/12350\/revisions\/988455"}],"wp:attachment":[{"href":"https:\/\/finoliva.com\/index.php\/wp-json\/wp\/v2\/media?parent=12350"}],"curies":[{"name":"wp","href":"https:\/\/api.w.org\/{rel}","templated":true}]}}