{"id":11989,"date":"2017-04-12T17:55:35","date_gmt":"2017-04-12T17:55:35","guid":{"rendered":"https:\/\/nex.vamtam.com\/?page_id=11989"},"modified":"2024-09-23T17:32:21","modified_gmt":"2024-09-23T15:32:21","slug":"home-2","status":"publish","type":"page","link":"https:\/\/finoliva.com\/","title":{"rendered":"Home"},"content":{"rendered":"<div class=\"vgblk-rw-wrapper limit-wrapper\">\n<h4>\n\tLa nostra filiera\n\t<\/h4>\n<h3>\n\t24.000\n\t<\/h3>\n\t<h4><strong>Produttori<\/strong><br \/>\ncoinvolti<\/h4>\n<h3>\n\t82\n\t<\/h3>\n\t<h4><strong>Cooperative \/ frantoi<\/strong><br \/>\naziendali<\/h4>\n<h3>\n\t21\n\t<\/h3>\n\t<h4><strong>Organizzazioni<\/strong><br \/>\ndi produttori<\/h4>\n<h2>\n\tScopri di pi\u00f9 sulla nostra azienda\n\t<\/h2>\n\tNaviga per scoprire chi siamo, come \u00e8 formata la nostra filiera, i prodotti che abbiamo realizzato<br \/>\ne molto altro ancora\n<h3>\n\tChi siamo\n\t<\/h3>\n\t<p>Scopri da chi \u00e8 formata la nostra azienda<\/p>\n\t<a href=\"https:\/\/finoliva.com\/index.php\/chi-siamo\/\" target=\"_self\" role=\"button\" rel=\"noopener\">\n\t\t\t\t\tScopri di pi\u00f9\n\t<\/a>\n<h3>\n\tLa filiera\n\t<\/h3>\n\t<p>Scopri come \u00e8 formata la nostra filiera<\/p>\n\t<a href=\"https:\/\/finoliva.com\/index.php\/filiera\/\" target=\"_self\" role=\"button\" rel=\"noopener\">\n\t\t\t\t\tScopri di pi\u00f9\n\t<\/a>\n<h3>\n\tI prodotti\n\t<\/h3>\n\t<p>Scopri i prodotti che abbiamo realizzato<\/p>\n\t<a href=\"https:\/\/finoliva.com\/index.php\/prodotti\/\" target=\"_self\" role=\"button\" rel=\"noopener\">\n\t\t\t\t\tScopri di pi\u00f9\n\t<\/a>\n<h3>\n\tResponsabilit\u00e0\n\t<\/h3>\n\t<p>Scopri come ci prendiamo cura delle nostre responsabilit\u00e0<\/p>\n\t<a href=\"https:\/\/finoliva.com\/index.php\/responsabilita\/\" target=\"_self\" role=\"button\" rel=\"noopener\">\n\t\t\t\t\tScopri di pi\u00f9\n\t<\/a>\n\t<meta itemprop=\"url\" content=\"https:\/\/finoliva.com\/wp-content\/uploads\/2024\/08\/Alce-Nero-Spot-2024-__-Alimentiamo-la-vita-2.mp4\" \/><div style=\"width: 640px;\" class=\"wp-video\"><video class=\"wp-video-shortcode\" id=\"video-11989-1\" width=\"640\" height=\"360\" preload=\"metadata\" controls=\"controls\"><source type=\"video\/mp4\" src=\"https:\/\/finoliva.com\/wp-content\/uploads\/2024\/08\/Alce-Nero-Spot-2024-__-Alimentiamo-la-vita-2.mp4?_=1\" \/><a href=\"https:\/\/finoliva.com\/wp-content\/uploads\/2024\/08\/Alce-Nero-Spot-2024-__-Alimentiamo-la-vita-2.mp4\">https:\/\/finoliva.com\/wp-content\/uploads\/2024\/08\/Alce-Nero-Spot-2024-__-Alimentiamo-la-vita-2.mp4<\/a><\/video><\/div>\n<h2>\n\tI nostri Partners\n\t<\/h2>\n\t\t\t\t<a href=\"https:\/\/www.alcenero.com\/?_gl=1*acvwbw*_up*MQ..&#038;gclid=EAIaIQobChMIiMT9-oeuiAMVF42DBx0b_x43EAAYASAAEgJ6tPD_BwE&#038;gclsrc=aw.ds\" target=\"_self\" itemprop=\"url\" title=\"1\" rel=\"noopener\">\n\t\t\t\t\t\t\t<img loading=\"lazy\" decoding=\"async\" src=\"https:\/\/finoliva.com\/wp-content\/uploads\/2024\/08\/1.png\" alt=\"1\" itemprop=\"image\" height=\"180\" width=\"180\" data-link-type=\"url\" title=\"1\" onerror=\"this.style.display='none'\"  sizes=\"auto, (max-width: 768px) 100vw, 100vw\" srcset=\"https:\/\/finoliva.com\/wp-content\/uploads\/2024\/08\/1.png 180w, https:\/\/finoliva.com\/wp-content\/uploads\/2024\/08\/1-100x100.png 100w, https:\/\/finoliva.com\/wp-content\/uploads\/2024\/08\/1-150x150.png 150w\" \/>\t\t\t\t\t\t<\/a>\n\t\t\t\t<a href=\"https:\/\/www.carapelli.it\/\" target=\"_self\" itemprop=\"url\" title=\"LOGO CARAPELLI\" rel=\"noopener\">\n\t\t\t\t\t\t\t<img loading=\"lazy\" decoding=\"async\" src=\"https:\/\/finoliva.com\/wp-content\/uploads\/2024\/09\/LOGO-CARAPELLI.png\" alt=\"LOGO CARAPELLI\" itemprop=\"image\" height=\"220\" width=\"411\" data-link-type=\"url\" title=\"LOGO CARAPELLI\" onerror=\"this.style.display='none'\"  sizes=\"auto, (max-width: 768px) 100vw, 100vw\" srcset=\"https:\/\/finoliva.com\/wp-content\/uploads\/2024\/09\/LOGO-CARAPELLI.png 411w, https:\/\/finoliva.com\/wp-content\/uploads\/2024\/09\/LOGO-CARAPELLI-300x161.png 300w, https:\/\/finoliva.com\/wp-content\/uploads\/2024\/09\/LOGO-CARAPELLI-315x169.png 315w\" \/>\t\t\t\t\t\t<\/a>\n\t\t\t\t<a href=\"https:\/\/www.esselunga.it\/it-it\/homepage.html\" target=\"_self\" itemprop=\"url\" title=\"LOGO ESSELUNGA\" rel=\"noopener\">\n\t\t\t\t\t\t\t<img loading=\"lazy\" decoding=\"async\" src=\"https:\/\/finoliva.com\/wp-content\/uploads\/2024\/09\/LOGO-ESSELUNGA.png\" alt=\"LOGO ESSELUNGA\" itemprop=\"image\" height=\"207\" width=\"335\" data-link-type=\"url\" title=\"LOGO ESSELUNGA\" onerror=\"this.style.display='none'\"  sizes=\"auto, (max-width: 768px) 100vw, 100vw\" srcset=\"https:\/\/finoliva.com\/wp-content\/uploads\/2024\/09\/LOGO-ESSELUNGA.png 335w, https:\/\/finoliva.com\/wp-content\/uploads\/2024\/09\/LOGO-ESSELUNGA-300x185.png 300w, https:\/\/finoliva.com\/wp-content\/uploads\/2024\/09\/LOGO-ESSELUNGA-315x195.png 315w\" \/>\t\t\t\t\t\t<\/a>\n\t\t\t\t<a href=\"https:\/\/www.italiaolivicola.it\/\" target=\"_self\" itemprop=\"url\" title=\"LOGO ITALIA OLIVICOLA\" rel=\"noopener\">\n\t\t\t\t\t\t\t<img loading=\"lazy\" decoding=\"async\" src=\"https:\/\/finoliva.com\/wp-content\/uploads\/2024\/09\/LOGO-ITALIA-OLIVICOLA.png\" alt=\"LOGO ITALIA OLIVICOLA\" itemprop=\"image\" height=\"250\" width=\"250\" data-link-type=\"url\" title=\"LOGO ITALIA OLIVICOLA\" onerror=\"this.style.display='none'\"  sizes=\"auto, (max-width: 768px) 100vw, 100vw\" srcset=\"https:\/\/finoliva.com\/wp-content\/uploads\/2024\/09\/LOGO-ITALIA-OLIVICOLA.png 250w, https:\/\/finoliva.com\/wp-content\/uploads\/2024\/09\/LOGO-ITALIA-OLIVICOLA-150x150.png 150w, https:\/\/finoliva.com\/wp-content\/uploads\/2024\/09\/LOGO-ITALIA-OLIVICOLA-100x100.png 100w\" \/>\t\t\t\t\t\t<\/a>\n\t\t\t\t<a href=\"https:\/\/www.coop.it\/prodotti-coop\/fior-fiore\" target=\"_self\" itemprop=\"url\" title=\"LOGO FIOR FIORE COOP png\" rel=\"noopener\">\n\t\t\t\t\t\t\t<img loading=\"lazy\" decoding=\"async\" src=\"https:\/\/finoliva.com\/wp-content\/uploads\/2024\/09\/LOGO-FIOR-FIORE-COOP-png.png\" alt=\"LOGO FIOR FIORE COOP png\" itemprop=\"image\" height=\"276\" width=\"276\" data-link-type=\"url\" title=\"LOGO FIOR FIORE COOP png\" onerror=\"this.style.display='none'\"  sizes=\"auto, (max-width: 768px) 100vw, 100vw\" srcset=\"https:\/\/finoliva.com\/wp-content\/uploads\/2024\/09\/LOGO-FIOR-FIORE-COOP-png.png 276w, https:\/\/finoliva.com\/wp-content\/uploads\/2024\/09\/LOGO-FIOR-FIORE-COOP-png-150x150.png 150w, https:\/\/finoliva.com\/wp-content\/uploads\/2024\/09\/LOGO-FIOR-FIORE-COOP-png-100x100.png 100w\" \/>\t\t\t\t\t\t<\/a>\n\t\t\t\t<a href=\"https:\/\/www.ilviaggiatorgoloso.it\/prodotti\/olio-extra-vergine-di-oliva-dop-terra-di-bari-bitonto\/\" target=\"_self\" itemprop=\"url\" title=\"LOGO SUPERMERCATI GS\" rel=\"noopener\">\n\t\t\t\t\t\t\t<img loading=\"lazy\" decoding=\"async\" src=\"https:\/\/finoliva.com\/wp-content\/uploads\/2024\/09\/LOGO-SUPERMERCATI-GS.png\" alt=\"LOGO SUPERMERCATI GS\" itemprop=\"image\" height=\"228\" width=\"316\" data-link-type=\"url\" title=\"LOGO SUPERMERCATI GS\" onerror=\"this.style.display='none'\"  sizes=\"auto, (max-width: 768px) 100vw, 100vw\" srcset=\"https:\/\/finoliva.com\/wp-content\/uploads\/2024\/09\/LOGO-SUPERMERCATI-GS.png 316w, https:\/\/finoliva.com\/wp-content\/uploads\/2024\/09\/LOGO-SUPERMERCATI-GS-300x216.png 300w\" \/>\t\t\t\t\t\t<\/a>\n\t\t\t\t<a href=\"https:\/\/www.oliomontalbano.it\/\" target=\"_self\" itemprop=\"url\" title=\"LOGO MONTALBANO\" rel=\"noopener\">\n\t\t\t\t\t\t\t<img loading=\"lazy\" decoding=\"async\" src=\"https:\/\/finoliva.com\/wp-content\/uploads\/2024\/09\/LOGO-MONTALBANO.png\" alt=\"LOGO MONTALBANO\" itemprop=\"image\" height=\"235\" width=\"242\" data-link-type=\"url\" title=\"LOGO MONTALBANO\" onerror=\"this.style.display='none'\"  sizes=\"auto, (max-width: 768px) 100vw, 100vw\"\/>\t\t\t\t\t\t<\/a>\n\t\t\t\t<a href=\"https:\/\/www.fooi.it\/\" target=\"_self\" itemprop=\"url\" title=\"LOGO FOI png\" rel=\"noopener\">\n\t\t\t\t\t\t\t<img loading=\"lazy\" decoding=\"async\" src=\"https:\/\/finoliva.com\/wp-content\/uploads\/2024\/09\/LOGO-FOI-png.png\" alt=\"LOGO FOI png\" itemprop=\"image\" height=\"275\" width=\"267\" data-link-type=\"url\" title=\"LOGO FOI png\" onerror=\"this.style.display='none'\"  sizes=\"auto, (max-width: 768px) 100vw, 100vw\"\/>\t\t\t\t\t\t<\/a>\n\t\t\t\t<a href=\"https:\/\/www.plasmon.it\/\" target=\"_self\" itemprop=\"url\" title=\"LOGO PLASMON\" rel=\"noopener\">\n\t\t\t\t\t\t\t<img loading=\"lazy\" decoding=\"async\" src=\"https:\/\/finoliva.com\/wp-content\/uploads\/2024\/09\/LOGO-PLASMON.png\" alt=\"LOGO PLASMON\" itemprop=\"image\" height=\"113\" width=\"413\" data-link-type=\"url\" title=\"LOGO PLASMON\" onerror=\"this.style.display='none'\"  sizes=\"auto, (max-width: 768px) 100vw, 100vw\" srcset=\"https:\/\/finoliva.com\/wp-content\/uploads\/2024\/09\/LOGO-PLASMON.png 413w, https:\/\/finoliva.com\/wp-content\/uploads\/2024\/09\/LOGO-PLASMON-300x82.png 300w, https:\/\/finoliva.com\/wp-content\/uploads\/2024\/09\/LOGO-PLASMON-315x86.png 315w\" \/>\t\t\t\t\t\t<\/a>\n\t\t\t\t<a href=\"https:\/\/www.unes.it\/\" target=\"_self\" itemprop=\"url\" title=\"LOGO SUPERMERCATI UNES\" rel=\"noopener\">\n\t\t\t\t\t\t\t<img loading=\"lazy\" decoding=\"async\" src=\"https:\/\/finoliva.com\/wp-content\/uploads\/2024\/09\/LOGO-SUPERMERCATI-UNES.png\" alt=\"LOGO SUPERMERCATI UNES\" itemprop=\"image\" height=\"87\" width=\"411\" data-link-type=\"url\" title=\"LOGO SUPERMERCATI UNES\" onerror=\"this.style.display='none'\"  sizes=\"auto, (max-width: 768px) 100vw, 100vw\" srcset=\"https:\/\/finoliva.com\/wp-content\/uploads\/2024\/09\/LOGO-SUPERMERCATI-UNES.png 411w, https:\/\/finoliva.com\/wp-content\/uploads\/2024\/09\/LOGO-SUPERMERCATI-UNES-300x64.png 300w, https:\/\/finoliva.com\/wp-content\/uploads\/2024\/09\/LOGO-SUPERMERCATI-UNES-315x67.png 315w\" \/>\t\t\t\t\t\t<\/a>\n\t\t\t\t<a href=\"https:\/\/www.certifiedorigins.com\/it\/\" target=\"_self\" itemprop=\"url\" title=\"LOGO CERTIFIED\" rel=\"noopener\">\n\t\t\t\t\t\t\t<img loading=\"lazy\" decoding=\"async\" src=\"https:\/\/finoliva.com\/wp-content\/uploads\/2024\/09\/LOGO-CERTIFIED.png\" alt=\"LOGO CERTIFIED\" itemprop=\"image\" height=\"188\" width=\"306\" data-link-type=\"url\" title=\"LOGO CERTIFIED\" onerror=\"this.style.display='none'\"  sizes=\"auto, (max-width: 768px) 100vw, 100vw\" srcset=\"https:\/\/finoliva.com\/wp-content\/uploads\/2024\/09\/LOGO-CERTIFIED.png 306w, https:\/\/finoliva.com\/wp-content\/uploads\/2024\/09\/LOGO-CERTIFIED-300x184.png 300w\" \/>\t\t\t\t\t\t<\/a>\n\t\t\t\t<a href=\"https:\/\/www.conad.it\/prodotti-e-marchi\/sapori-e-dintorni?utm_source=google&#038;utm_medium=cpc&#038;utm_campaign=cnd_wpp_conad&#038;utm_content=conadit&#038;utm_term=sea&#038;s_kwcid=AL%2113157%213%21450591075526%21e%21%21g%21%21conad+sapori+e+dintorni&#038;gad_source=1&#038;gclid=EAIaIQobChMIl5ygyYmuiAMVppGDBx1ztSBdEAAYASAAEgIT9_D_BwE\" target=\"_self\" itemprop=\"url\" title=\"LOGO SAPORI &amp; DINTORNI png\" rel=\"noopener\">\n\t\t\t\t\t\t\t<img loading=\"lazy\" decoding=\"async\" src=\"https:\/\/finoliva.com\/wp-content\/uploads\/2024\/09\/LOGO-SAPORI-DINTORNI-png.png\" alt=\"LOGO SAPORI &amp; DINTORNI png\" itemprop=\"image\" height=\"276\" width=\"276\" data-link-type=\"url\" title=\"LOGO SAPORI &amp; DINTORNI png\" onerror=\"this.style.display='none'\"  sizes=\"auto, (max-width: 768px) 100vw, 100vw\" srcset=\"https:\/\/finoliva.com\/wp-content\/uploads\/2024\/09\/LOGO-SAPORI-DINTORNI-png.png 276w, https:\/\/finoliva.com\/wp-content\/uploads\/2024\/09\/LOGO-SAPORI-DINTORNI-png-150x150.png 150w, https:\/\/finoliva.com\/wp-content\/uploads\/2024\/09\/LOGO-SAPORI-DINTORNI-png-100x100.png 100w\" \/>\t\t\t\t\t\t<\/a>\n\t\t\t\t<a href=\"https:\/\/www.distrettobiolame.it\/\" target=\"_self\" itemprop=\"url\" title=\"LOGO BIODISTRETTO DELLE LAME png\" rel=\"noopener\">\n\t\t\t\t\t\t\t<img loading=\"lazy\" decoding=\"async\" src=\"https:\/\/finoliva.com\/wp-content\/uploads\/2024\/09\/LOGO-BIODISTRETTO-DELLE-LAME-png.png\" alt=\"LOGO BIODISTRETTO DELLE LAME png\" itemprop=\"image\" height=\"276\" width=\"327\" data-link-type=\"url\" title=\"LOGO BIODISTRETTO DELLE LAME png\" onerror=\"this.style.display='none'\"  sizes=\"auto, (max-width: 768px) 100vw, 100vw\" srcset=\"https:\/\/finoliva.com\/wp-content\/uploads\/2024\/09\/LOGO-BIODISTRETTO-DELLE-LAME-png.png 327w, https:\/\/finoliva.com\/wp-content\/uploads\/2024\/09\/LOGO-BIODISTRETTO-DELLE-LAME-png-300x253.png 300w, https:\/\/finoliva.com\/wp-content\/uploads\/2024\/09\/LOGO-BIODISTRETTO-DELLE-LAME-png-315x266.png 315w\" \/>\t\t\t\t\t\t<\/a>\n\t<p>&nbsp;<\/p>\n<blockquote>\n<p>CLICCA SU CIASCUNO DEI NOSTRI <em>PARTNERS <\/em>PER SAPERNE DI PIU&#8217;<\/p>\n<\/blockquote>\n<h3>\n\tI nostri uffici\n\t<\/h3>\n\t<p>Vini a trovarci in<\/p>\n<p><a tabindex=\"0\" href=\"https:\/\/www.google.com\/maps\/place\/\/data=!4m2!3m1!1s0x1347f1a3e853adcb:0x497fbe002c9ee765?sa=X&amp;ved=1t:8290&amp;ictx=111\" data-url=\"\/maps\/place\/\/data=!4m2!3m1!1s0x1347f1a3e853adcb:0x497fbe002c9ee765?sa=X&amp;ved=2ahUKEwiu5rm14JKIAxWQgf0HHfDUE2AQ4kB6BAgYEAA\">Prima Str. Viale Prof. Giuseppe Lazzati, 70032 Bitonto BA<\/a><\/p>\n<h3>\n\tContattaci\n\t<\/h3>\n\t<p>Scrivici a<\/p>\n<p>info@finoliva.com<\/p>\n<p>Chiamaci al<\/p>\n<p>+39 <a href=\"https:\/\/www.google.com\/search?q=finoliva+google&amp;rlz=1C1VDKB_itIT1042IT1042&amp;oq=finoliva+&amp;gs_lcrp=EgZjaHJvbWUqCAgAEEUYJxg7MggIABBFGCcYOzIMCAEQRRg5GIAEGKIEMg0IAhAuGK8BGMcBGIAEMgYIAxBFGDwyBggEEEUYPDIGCAUQRRg8MgYIBhBFGDwyBggHEEUYPdIBCDE1MTBqMGo0qAIAsAIB&amp;sourceid=chrome&amp;ie=UTF-8#\" data-dtype=\"d3ph\" data-local-attribute=\"d3ph\" data-ved=\"2ahUKEwiu5rm14JKIAxWQgf0HHfDUE2AQkAgoAHoECDkQAw\">080 371 7527<\/a><\/p>\n<h3>\n\tSupporto\n\t<\/h3>\n\t<p>Contattaci per richiederci pi\u00f9 informazioni in merito ai nostri servizi<\/p>\n\n<\/div><!-- .vgblk-rw-wrapper -->","protected":false},"excerpt":{"rendered":"<p>La nostra filiera 24.000 Produttori coinvolti 82 Cooperative \/ frantoi aziendali 21 Organizzazioni di produttori Scopri di pi\u00f9 sulla nostra azienda Naviga per scoprire chi siamo, come \u00e8 formata la nostra filiera, i prodotti che abbiamo realizzato e molto altro ancora Chi siamo Scopri da chi \u00e8 formata la nostra azienda Scopri di pi\u00f9 La&#8230;<\/p>\n","protected":false},"author":1,"featured_media":0,"parent":0,"menu_order":0,"comment_status":"closed","ping_status":"closed","template":"","meta":{"footnotes":""},"class_list":["post-11989","page","type-page","status-publish","hentry"],"_links":{"self":[{"href":"https:\/\/finoliva.com\/index.php\/wp-json\/wp\/v2\/pages\/11989","targetHints":{"allow":["GET"]}}],"collection":[{"href":"https:\/\/finoliva.com\/index.php\/wp-json\/wp\/v2\/pages"}],"about":[{"href":"https:\/\/finoliva.com\/index.php\/wp-json\/wp\/v2\/types\/page"}],"author":[{"embeddable":true,"href":"https:\/\/finoliva.com\/index.php\/wp-json\/wp\/v2\/users\/1"}],"replies":[{"embeddable":true,"href":"https:\/\/finoliva.com\/index.php\/wp-json\/wp\/v2\/comments?post=11989"}],"version-history":[{"count":25,"href":"https:\/\/finoliva.com\/index.php\/wp-json\/wp\/v2\/pages\/11989\/revisions"}],"predecessor-version":[{"id":988414,"href":"https:\/\/finoliva.com\/index.php\/wp-json\/wp\/v2\/pages\/11989\/revisions\/988414"}],"wp:attachment":[{"href":"https:\/\/finoliva.com\/index.php\/wp-json\/wp\/v2\/media?parent=11989"}],"curies":[{"name":"wp","href":"https:\/\/api.w.org\/{rel}","templated":true}]}}